{"id":696,"date":"2021-12-20T16:23:42","date_gmt":"2021-12-20T16:23:42","guid":{"rendered":"https:\/\/hume.pt\/home\/"},"modified":"2022-01-10T11:53:09","modified_gmt":"2022-01-10T11:53:09","slug":"home","status":"publish","type":"page","link":"https:\/\/hume.pt\/en\/","title":{"rendered":"Home"},"content":{"rendered":"\n<div id=\"block-b59094-ee70-4e\" class=\"wp-block-gutenbee-container alignfull block-b59094-ee70-4e theme-grid has-background-video has-background-overlay\"><style>.wp-block-gutenbee-container.block-b59094-ee70-4e { height: 900px; margin-bottom: 80px; align-items: center; justify-content: center; }\n\n\n      @media (max-width: 991px) {\n        .wp-block-gutenbee-container.block-b59094-ee70-4e { height: 650px; margin-bottom: 75px; }\n      }\n    \n\n      @media (max-width: 575px) {\n        .wp-block-gutenbee-container.block-b59094-ee70-4e { height: 550px; margin-bottom: 50px; }\n      }<\/style><div class=\"wp-block-gutenbee-container-inner\"><div class=\"wp-block-gutenbee-container-row wp-block-gutenbee-container-lg\">\n<div class=\"wp-block-gutenbee-column block-aad2f7-fcfa-45\"><style>.wp-block-gutenbee-column.block-aad2f7-fcfa-45 { flex-basis: 100%; }\n\n\n      @media (max-width: 991px) {\n        .wp-block-gutenbee-column.block-aad2f7-fcfa-45 { flex-basis: 100%; }\n      }\n    \n\n      @media (max-width: 575px) {\n        .wp-block-gutenbee-column.block-aad2f7-fcfa-45 .wp-block-gutenbee-column-content { margin-top: 140px; }\n.wp-block-gutenbee-column.block-aad2f7-fcfa-45 { flex-basis: 100%; }\n      }<\/style><div class=\"wp-block-gutenbee-column-content\">\n<h2 id=\"block-ed4cc6-3b5e-46\" class=\"wp-block-gutenbee-heading block-ed4cc6-3b5e-46\"><span class=\"has-inline-color has-white-color\">The most advanced<\/span><\/h2><style>.wp-block-gutenbee-heading.block-ed4cc6-3b5e-46 { font-size: 48px; text-align: center; }<\/style>\n\n\n\n<h1 id=\"block-47cb5f-fb77-4e\" class=\"wp-block-gutenbee-heading block-47cb5f-fb77-4e has-text-color\" style=\"color:#ffffff\">Business creative<\/h1><style>.wp-block-gutenbee-heading.block-47cb5f-fb77-4e { margin-bottom: 3px; font-size: 72px; text-align: center; }\n\n\n      @media (max-width: 991px) {\n        .wp-block-gutenbee-heading.block-47cb5f-fb77-4e { font-size: 48px; }\n      }\n    \n\n      @media (max-width: 575px) {\n        .wp-block-gutenbee-heading.block-47cb5f-fb77-4e { font-size: 32px; }\n      }<\/style>\n\n\n\n<p id=\"block-518746-4849-44\" class=\"wp-block-gutenbee-paragraph block-518746-4849-44\"><span class=\"has-inline-color has-white-color\">Delivered in a simple way<\/span><\/p><style>.wp-block-gutenbee-paragraph.block-518746-4849-44 { font-size: 48px; text-align: center; }<\/style>\n<\/div><\/div>\n<\/div><div class=\"wp-block-gutenbee-container-background-overlay\" style=\"background-color:rgba(50, 54, 108, 0.3)\"><\/div><\/div><div class=\"wp-block-gutenbee-container-background\" data-parallax-speed=\"0.3\"><div class=\"wp-block-gutenbee-video-bg-wrapper\" data-video-id=\"https:\/\/hume.pt\/wp-content\/uploads\/2021\/12\/video.mp4?w=3840&amp;h=2160\" data-video-type=\"self\"><video id=\"video-block-b59094-ee70-4e\" src=\"https:\/\/hume.pt\/wp-content\/uploads\/2021\/12\/video.mp4?w=3840&amp;h=2160\" class=\"wp-block-gutenbee-video-bg\" autoplay loop muted playsinline><\/video><\/div><\/div><div style=\"background-color:rgba(50, 54, 108, 0.3)\" class=\"gutenbee-block-spinner\"><\/div><\/div>\n\n\n\n<h1 id=\"block-cb00e8-b498-4a\" class=\"wp-block-gutenbee-heading block-cb00e8-b498-4a\"><span class=\"has-inline-color has-theme-medium-gray-color\">Servi<\/span>ces<\/h1><style>.wp-block-gutenbee-heading.block-cb00e8-b498-4a { margin-bottom: 0px; font-size: 36px; text-align: center; }\n\n\n      @media (max-width: 575px) {\n        .wp-block-gutenbee-heading.block-cb00e8-b498-4a { font-size: 28px; }\n      }<\/style>\n\n\n\n<hr class=\"wp-block-separator has-text-color has-background has-theme-light-gray-background-color has-theme-light-gray-color is-style-default\"\/>\n\n\n\n<p class=\"has-text-align-center\">We grow businesses through ideas that create and strengthen the relationship of brands with people.<br>Seja o seu website ou a sua loja online, uma aplica\u00e7\u00e3o espec\u00edfica ou um software, tudo come\u00e7a com uma boa defini\u00e7\u00e3o de estrat\u00e9gia&#8230; e termina em mobile!<\/p>\n\n\n\n<div class=\"wp-block-group\"><div class=\"wp-block-group__inner-container is-layout-flow wp-block-group-is-layout-flow\">\n<div class=\"wp-block-columns is-layout-flex wp-container-core-columns-is-layout-9d6595d7 wp-block-columns-is-layout-flex\">\n<div class=\"wp-block-column is-vertically-aligned-center is-layout-flow wp-block-column-is-layout-flow\" style=\"flex-basis:100%\"><div\n\t\t\t\tid=\"block-a5e5d4-3db6-4e\"\n\t\t\t\tclass=\"wp-block-gutenbee-post-types block-a5e5d4-3db6-4e \"\n\t\t\t\t\t\t\t><div class=\"row row-items row-columns-2\">\t\t\t\t<div class=\"web-en term-41 col-sm-6 col-12\">\n<div id=\"entry-item-701\" class=\"entry-item post-701 ignition-service type-ignition-service status-publish has-post-thumbnail hentry ignition_service_category-web-en\">\n\t\t\t<figure class=\"entry-item-thumb\">\n\t\t\t<a href=\"https:\/\/hume.pt\/en\/service\/web-development\/\">\n\t\t\t\t<img loading=\"lazy\" decoding=\"async\" width=\"615\" height=\"410\" src=\"https:\/\/hume.pt\/wp-content\/uploads\/2021\/11\/developing-615x410.webp\" class=\"attachment-ignition_item size-ignition_item wp-post-image\" alt=\"\" srcset=\"https:\/\/hume.pt\/wp-content\/uploads\/2021\/11\/developing-615x410.webp 615w, https:\/\/hume.pt\/wp-content\/uploads\/2021\/11\/developing-300x200.webp 300w, https:\/\/hume.pt\/wp-content\/uploads\/2021\/11\/developing-1024x683.webp 1024w, https:\/\/hume.pt\/wp-content\/uploads\/2021\/11\/developing-768x512.webp 768w, https:\/\/hume.pt\/wp-content\/uploads\/2021\/11\/developing-870x580.webp 870w, https:\/\/hume.pt\/wp-content\/uploads\/2021\/11\/developing-1170x780.webp 1170w, https:\/\/hume.pt\/wp-content\/uploads\/2021\/11\/developing.webp 1200w\" sizes=\"auto, (max-width: 615px) 100vw, 615px\" \/>\t\t\t<\/a>\n\t\t<\/figure>\n\t\n\t<div class=\"entry-item-content\">\n\t\t<h2 class=\"entry-item-title\"><a href=\"https:\/\/hume.pt\/en\/service\/web-development\/\">WEB DEVELOPMENT<\/a><\/h2>\n\t\t\t\t\t<div class=\"entry-item-excerpt\">\n\t\t\t\t<p>We develop solutions that ensure the best practices of UX (User Experience) and UI (User Interface).<\/p>\n\t\t\t<\/div>\n\t\t\n\t\t<a href=\"https:\/\/hume.pt\/en\/service\/web-development\/\" class=\"btn btn-entry-more\">\n\t\t\tSee more&#8230;\t\t<\/a>\n\t<\/div>\n<\/div>\n<\/div>\t\t\t\t<div class=\"consultancy term-39 col-sm-6 col-12\">\n<div id=\"entry-item-700\" class=\"entry-item post-700 ignition-service type-ignition-service status-publish has-post-thumbnail hentry ignition_service_category-consultancy\">\n\t\t\t<figure class=\"entry-item-thumb\">\n\t\t\t<a href=\"https:\/\/hume.pt\/en\/service\/marketing-advertising\/\">\n\t\t\t\t<img loading=\"lazy\" decoding=\"async\" width=\"615\" height=\"410\" src=\"https:\/\/hume.pt\/wp-content\/uploads\/2021\/11\/digital-marketing-615x410.webp\" class=\"attachment-ignition_item size-ignition_item wp-post-image\" alt=\"\" srcset=\"https:\/\/hume.pt\/wp-content\/uploads\/2021\/11\/digital-marketing-615x410.webp 615w, https:\/\/hume.pt\/wp-content\/uploads\/2021\/11\/digital-marketing-300x200.webp 300w, https:\/\/hume.pt\/wp-content\/uploads\/2021\/11\/digital-marketing-1024x683.webp 1024w, https:\/\/hume.pt\/wp-content\/uploads\/2021\/11\/digital-marketing-768x512.webp 768w, https:\/\/hume.pt\/wp-content\/uploads\/2021\/11\/digital-marketing-870x580.webp 870w, https:\/\/hume.pt\/wp-content\/uploads\/2021\/11\/digital-marketing-1170x780.webp 1170w, https:\/\/hume.pt\/wp-content\/uploads\/2021\/11\/digital-marketing.webp 1200w\" sizes=\"auto, (max-width: 615px) 100vw, 615px\" \/>\t\t\t<\/a>\n\t\t<\/figure>\n\t\n\t<div class=\"entry-item-content\">\n\t\t<h2 class=\"entry-item-title\"><a href=\"https:\/\/hume.pt\/en\/service\/marketing-advertising\/\">MARKETING &amp; ADVERTISING<\/a><\/h2>\n\t\t\t\t\t<div class=\"entry-item-excerpt\">\n\t\t\t\t<p>We put our experience at the service of our clients in the different areas of intervention: software, web, marketing, communication.<\/p>\n\t\t\t<\/div>\n\t\t\n\t\t<a href=\"https:\/\/hume.pt\/en\/service\/marketing-advertising\/\" class=\"btn btn-entry-more\">\n\t\t\tSee more&#8230;\t\t<\/a>\n\t<\/div>\n<\/div>\n<\/div>\t\t\t\t<div class=\"design-en term-40 col-sm-6 col-12\">\n<div id=\"entry-item-699\" class=\"entry-item post-699 ignition-service type-ignition-service status-publish has-post-thumbnail hentry ignition_service_category-design-en\">\n\t\t\t<figure class=\"entry-item-thumb\">\n\t\t\t<a href=\"https:\/\/hume.pt\/en\/service\/branding-design\/\">\n\t\t\t\t<img loading=\"lazy\" decoding=\"async\" width=\"615\" height=\"410\" src=\"https:\/\/hume.pt\/wp-content\/uploads\/2021\/11\/14972-615x410.webp\" class=\"attachment-ignition_item size-ignition_item wp-post-image\" alt=\"\" srcset=\"https:\/\/hume.pt\/wp-content\/uploads\/2021\/11\/14972-615x410.webp 615w, https:\/\/hume.pt\/wp-content\/uploads\/2021\/11\/14972-870x580.webp 870w, https:\/\/hume.pt\/wp-content\/uploads\/2021\/11\/14972-1170x780.webp 1170w\" sizes=\"auto, (max-width: 615px) 100vw, 615px\" \/>\t\t\t<\/a>\n\t\t<\/figure>\n\t\n\t<div class=\"entry-item-content\">\n\t\t<h2 class=\"entry-item-title\"><a href=\"https:\/\/hume.pt\/en\/service\/branding-design\/\">BRANDING &amp; DESIGN<\/a><\/h2>\n\t\t\t\t\t<div class=\"entry-item-excerpt\">\n\t\t\t\t<p>The image says a lot of a brand. We shape and body the marks through a strong and coherent image.<\/p>\n\t\t\t<\/div>\n\t\t\n\t\t<a href=\"https:\/\/hume.pt\/en\/service\/branding-design\/\" class=\"btn btn-entry-more\">\n\t\t\tSee more&#8230;\t\t<\/a>\n\t<\/div>\n<\/div>\n<\/div>\t\t\t\t<div class=\"consultancy term-39 col-sm-6 col-12\">\n<div id=\"entry-item-698\" class=\"entry-item post-698 ignition-service type-ignition-service status-publish has-post-thumbnail hentry ignition_service_category-consultancy\">\n\t\t\t<figure class=\"entry-item-thumb\">\n\t\t\t<a href=\"https:\/\/hume.pt\/en\/service\/brand-management-communication\/\">\n\t\t\t\t<img loading=\"lazy\" decoding=\"async\" width=\"615\" height=\"410\" src=\"https:\/\/hume.pt\/wp-content\/uploads\/2021\/12\/comunicacao-615x410.webp\" class=\"attachment-ignition_item size-ignition_item wp-post-image\" alt=\"\" srcset=\"https:\/\/hume.pt\/wp-content\/uploads\/2021\/12\/comunicacao-615x410.webp 615w, https:\/\/hume.pt\/wp-content\/uploads\/2021\/12\/comunicacao-300x200.webp 300w, https:\/\/hume.pt\/wp-content\/uploads\/2021\/12\/comunicacao-1024x683.webp 1024w, https:\/\/hume.pt\/wp-content\/uploads\/2021\/12\/comunicacao-768x512.webp 768w, https:\/\/hume.pt\/wp-content\/uploads\/2021\/12\/comunicacao-870x580.webp 870w, https:\/\/hume.pt\/wp-content\/uploads\/2021\/12\/comunicacao-1170x780.webp 1170w, https:\/\/hume.pt\/wp-content\/uploads\/2021\/12\/comunicacao.webp 1200w\" sizes=\"auto, (max-width: 615px) 100vw, 615px\" \/>\t\t\t<\/a>\n\t\t<\/figure>\n\t\n\t<div class=\"entry-item-content\">\n\t\t<h2 class=\"entry-item-title\"><a href=\"https:\/\/hume.pt\/en\/service\/brand-management-communication\/\">BRAND MANAGEMENT &amp; COMMUNICATION<\/a><\/h2>\n\t\t\t\t\t<div class=\"entry-item-excerpt\">\n\t\t\t\t<p>Good strategies build great brands. We create value for your brand through a well-defined strategy.<\/p>\n\t\t\t<\/div>\n\t\t\n\t\t<a href=\"https:\/\/hume.pt\/en\/service\/brand-management-communication\/\" class=\"btn btn-entry-more\">\n\t\t\tSee more&#8230;\t\t<\/a>\n\t<\/div>\n<\/div>\n<\/div><\/div><\/div><\/div>\n<\/div>\n<\/div><\/div>\n\n\n\n<div class=\"wp-block-gutenbee-spacer block-b99eb8-2159-4c\" aria-hidden=\"true\"><style>.wp-block-gutenbee-spacer.block-b99eb8-2159-4c { height: 100px; }\n\n\n      @media (max-width: 991px) {\n        .wp-block-gutenbee-spacer.block-b99eb8-2159-4c { height: 10px; }\n      }\n    \n\n      @media (max-width: 575px) {\n        .wp-block-gutenbee-spacer.block-b99eb8-2159-4c { height: 30px; }\n      }<\/style><div class=\"wp-block-gutenbee-spacer-background\" data-parallax-speed=\"0.3\"><\/div><\/div>\n\n\n\n<div class=\"wp-block-group alignfull\"><div class=\"wp-block-group__inner-container is-layout-flow wp-block-group-is-layout-flow\">\n<div id=\"block-32906d-abe7-4a\" class=\"wp-block-gutenbee-container alignfull block-32906d-abe7-4a has-parallax theme-grid has-background-image has-background-video has-background-overlay\"><style>.wp-block-gutenbee-container.block-32906d-abe7-4a { padding-top: 200px;  padding-bottom: 200px; }\n.wp-block-gutenbee-container.block-32906d-abe7-4a > .wp-block-gutenbee-container-background { background-image: url(https:\/\/hume.pt\/wp-content\/uploads\/2021\/01\/project01.jpg); background-repeat: no-repeat; background-size: cover; background-position: top center; background-attachment: scroll; }\n\n\n      @media (max-width: 991px) {\n        .wp-block-gutenbee-container.block-32906d-abe7-4a { padding-top: 70px;  padding-bottom: 70px; }\n      }\n    \n\n      @media (max-width: 575px) {\n        .wp-block-gutenbee-container.block-32906d-abe7-4a { padding-top: 50px;  padding-bottom: 50px; }\n      }<\/style><div class=\"wp-block-gutenbee-container-inner\"><div class=\"wp-block-gutenbee-container-row wp-block-gutenbee-container-lg\">\n<div class=\"wp-block-gutenbee-column block-3db00b-4ad4-4d\"><style>.wp-block-gutenbee-column.block-3db00b-4ad4-4d .wp-block-gutenbee-column-content { align-items: center; justify-content: flex-end; }\n.wp-block-gutenbee-column.block-3db00b-4ad4-4d { flex-basis: 100%; }\n\n\n      @media (max-width: 991px) {\n        .wp-block-gutenbee-column.block-3db00b-4ad4-4d { flex-basis: 100%; }\n      }\n    \n\n      @media (max-width: 575px) {\n        .wp-block-gutenbee-column.block-3db00b-4ad4-4d { flex-basis: 100%; }\n      }<\/style><div class=\"wp-block-gutenbee-column-content\" style=\"color:#ffffff\">\n<div id=\"block-56121f-2c24-45\" class=\"wp-block-gutenbee-buttons block-56121f-2c24-45\"><style>.wp-block-gutenbee-buttons.block-56121f-2c24-45 { justify-content: center; }<\/style>\n<div id=\"block-54f0d8-86c9-4b\" class=\"wp-block-gutenbee-button block-54f0d8-86c9-4b gutenbee-hidden-desktop gutenbee-hidden-tablet gutenbee-hidden-mobile gutenbee-hidden-logged-in gutenbee-hidden-logged-out\"><a class=\"gutenbee-block-button-link\">See more<\/a><\/div>\n<\/div>\n<\/div><\/div>\n<\/div><div class=\"wp-block-gutenbee-container-background-overlay\" style=\"background-color:rgba(50, 54, 108, 0.33)\"><\/div><\/div><div class=\"wp-block-gutenbee-container-background gutenbee-parallax\" data-parallax-speed=\"0.3\"><div class=\"wp-block-gutenbee-video-bg-wrapper\" data-video-id=\"FySE3ILMJ1E\" data-video-type=\"youtube\"><div id=\"video-block-32906d-abe7-4a\" class=\"wp-block-gutenbee-video-bg\"><\/div><\/div><\/div><div style=\"background-color:rgba(50, 54, 108, 0.33)\" class=\"gutenbee-block-spinner\"><\/div><\/div>\n<\/div><\/div>\n\n\n\n<div id=\"block-5cf8c2-cee9-48\" class=\"wp-block-gutenbee-container alignfull block-5cf8c2-cee9-48 theme-grid\"><style>.wp-block-gutenbee-container.block-5cf8c2-cee9-48 { padding-top: 30px;  padding-bottom: 20px; align-items: center; }\n\n\n      @media (max-width: 991px) {\n        .wp-block-gutenbee-container.block-5cf8c2-cee9-48 { padding-top: 50px;  padding-bottom: 50px; }\n      }\n    \n\n      @media (max-width: 575px) {\n        .wp-block-gutenbee-container.block-5cf8c2-cee9-48 { padding-top: 50px;  padding-bottom: 50px; }\n      }<\/style><div class=\"wp-block-gutenbee-container-inner\"><div class=\"wp-block-gutenbee-container-row wp-block-gutenbee-container-lg\">\n<div class=\"wp-block-gutenbee-column block-eb9b6c-2f87-46\"><style>.wp-block-gutenbee-column.block-eb9b6c-2f87-46 { flex-basis: 100%; }\n\n\n      @media (max-width: 991px) {\n        .wp-block-gutenbee-column.block-eb9b6c-2f87-46 { flex-basis: 100%; }\n      }\n    \n\n      @media (max-width: 575px) {\n        .wp-block-gutenbee-column.block-eb9b6c-2f87-46 { flex-basis: 100%; }\n      }<\/style><div class=\"wp-block-gutenbee-column-content\">\n<h2 id=\"block-1db7bb-5aaf-41\" class=\"wp-block-gutenbee-heading block-1db7bb-5aaf-41\"><span class=\"has-inline-color has-theme-medium-gray-color\">Partners<\/span><\/h2><style>.wp-block-gutenbee-heading.block-1db7bb-5aaf-41 { margin-bottom: 20px; font-size: 36px; text-align: center; }\n\n\n      @media (max-width: 575px) {\n        .wp-block-gutenbee-heading.block-1db7bb-5aaf-41 { margin-bottom: 30px; }\n      }<\/style>\n\n\n\n<div id=\"block-4f3382-2b67-4a\" class=\"wp-block-gutenbee-container block-4f3382-2b67-4a\"><style>@media (max-width: 991px) {\n        .wp-block-gutenbee-container.block-4f3382-2b67-4a { padding-right: 50px;  padding-left: 50px; justify-content: center; }\n      }<\/style><div class=\"wp-block-gutenbee-container-inner\"><div class=\"wp-block-gutenbee-container-row wp-block-gutenbee-container-lg\">\n<div class=\"wp-block-gutenbee-column block-250c0e-4693-44\"><style>@media (max-width: 991px) {\n        .wp-block-gutenbee-column.block-250c0e-4693-44 .wp-block-gutenbee-column-content { align-items: center; }\n.wp-block-gutenbee-column.block-250c0e-4693-44 { flex-basis: 100%; }\n      }\n    \n\n      @media (max-width: 575px) {\n        .wp-block-gutenbee-column.block-250c0e-4693-44 .wp-block-gutenbee-column-content { margin-top: 25px; }\n.wp-block-gutenbee-column.block-250c0e-4693-44 { flex-basis: 100%; }\n      }<\/style><div class=\"wp-block-gutenbee-column-content\">\n<figure id=\"block-73f16a-a18b-47\" class=\"wp-block-gutenbee-image block-73f16a-a18b-47\"><style>.wp-block-gutenbee-image.block-73f16a-a18b-47 img { width: 100px; }<\/style><img decoding=\"async\" src=\"https:\/\/hume.pt\/wp-content\/uploads\/2021\/12\/apache-1.webp\" alt=\"\" class=\"wp-image-688\"\/><\/figure>\n<\/div><\/div>\n\n\n\n<div class=\"wp-block-gutenbee-column block-f91a20-7d73-47\"><style>@media (max-width: 991px) {\n        .wp-block-gutenbee-column.block-f91a20-7d73-47 .wp-block-gutenbee-column-content { align-items: center; }\n.wp-block-gutenbee-column.block-f91a20-7d73-47 { flex-basis: 100%; }\n      }\n    \n\n      @media (max-width: 575px) {\n        .wp-block-gutenbee-column.block-f91a20-7d73-47 .wp-block-gutenbee-column-content { margin-top: 25px; }\n.wp-block-gutenbee-column.block-f91a20-7d73-47 { flex-basis: 100%; }\n      }<\/style><div class=\"wp-block-gutenbee-column-content\">\n<figure id=\"block-96b25b-d618-42\" class=\"wp-block-gutenbee-image block-96b25b-d618-42\"><style>.wp-block-gutenbee-image.block-96b25b-d618-42 img { width: 100px; }<\/style><img decoding=\"async\" src=\"https:\/\/hume.pt\/wp-content\/uploads\/2021\/12\/mysql-1.webp\" alt=\"\" class=\"wp-image-687\"\/><\/figure>\n<\/div><\/div>\n\n\n\n<div class=\"wp-block-gutenbee-column block-36872d-5fa1-42\"><style>@media (max-width: 991px) {\n        .wp-block-gutenbee-column.block-36872d-5fa1-42 .wp-block-gutenbee-column-content { align-items: center; }\n.wp-block-gutenbee-column.block-36872d-5fa1-42 { flex-basis: 100%; }\n      }\n    \n\n      @media (max-width: 575px) {\n        .wp-block-gutenbee-column.block-36872d-5fa1-42 .wp-block-gutenbee-column-content { margin-top: 25px; }\n.wp-block-gutenbee-column.block-36872d-5fa1-42 { flex-basis: 100%; }\n      }<\/style><div class=\"wp-block-gutenbee-column-content\">\n<figure id=\"block-b2a27b-2d56-42\" class=\"wp-block-gutenbee-image block-b2a27b-2d56-42\"><style>.wp-block-gutenbee-image.block-b2a27b-2d56-42 img { width: 100px; }<\/style><img decoding=\"async\" src=\"https:\/\/hume.pt\/wp-content\/uploads\/2021\/12\/phpmyadmin.webp\" alt=\"\" class=\"wp-image-682\"\/><\/figure>\n<\/div><\/div>\n\n\n\n<div class=\"wp-block-gutenbee-column block-0af5a0-905e-44\"><style>@media (max-width: 991px) {\n        .wp-block-gutenbee-column.block-0af5a0-905e-44 .wp-block-gutenbee-column-content { margin-top: 25px; align-items: center; }\n.wp-block-gutenbee-column.block-0af5a0-905e-44 { flex-basis: 100%; }\n      }\n    \n\n      @media (max-width: 575px) {\n        .wp-block-gutenbee-column.block-0af5a0-905e-44 { flex-basis: 100%; }\n      }<\/style><div class=\"wp-block-gutenbee-column-content\">\n<figure id=\"block-cc81df-6b62-46\" class=\"wp-block-gutenbee-image block-cc81df-6b62-46\"><style>.wp-block-gutenbee-image.block-cc81df-6b62-46 img { width: 100px; }<\/style><img decoding=\"async\" src=\"https:\/\/hume.pt\/wp-content\/uploads\/2021\/12\/java.webp\" alt=\"\" class=\"wp-image-683\"\/><\/figure>\n<\/div><\/div>\n\n\n\n<div class=\"wp-block-gutenbee-column block-ff9c71-af5b-43\"><style>@media (max-width: 991px) {\n        .wp-block-gutenbee-column.block-ff9c71-af5b-43 { flex-basis: 100%; }\n      }\n    \n\n      @media (max-width: 575px) {\n        .wp-block-gutenbee-column.block-ff9c71-af5b-43 { flex-basis: 100%; }\n      }<\/style><div class=\"wp-block-gutenbee-column-content\">\n<figure id=\"block-0e70c5-281c-41\" class=\"wp-block-gutenbee-image block-0e70c5-281c-41\"><style>.wp-block-gutenbee-image.block-0e70c5-281c-41 img { width: 100px; }<\/style><img decoding=\"async\" src=\"https:\/\/hume.pt\/wp-content\/uploads\/2021\/12\/linux.webp\" alt=\"\" class=\"wp-image-684\"\/><\/figure>\n<\/div><\/div>\n\n\n\n<div class=\"wp-block-gutenbee-column block-e56be4-0a75-41\"><style>@media (max-width: 991px) {\n        .wp-block-gutenbee-column.block-e56be4-0a75-41 { flex-basis: 100%; }\n      }\n    \n\n      @media (max-width: 575px) {\n        .wp-block-gutenbee-column.block-e56be4-0a75-41 { flex-basis: 100%; }\n      }<\/style><div class=\"wp-block-gutenbee-column-content\">\n<figure id=\"block-5b64c0-68d9-48\" class=\"wp-block-gutenbee-image block-5b64c0-68d9-48\"><style>.wp-block-gutenbee-image.block-5b64c0-68d9-48 img { width: 100px; }<\/style><img decoding=\"async\" src=\"https:\/\/hume.pt\/wp-content\/uploads\/2021\/12\/microsoft-1.webp\" alt=\"\" class=\"wp-image-686\"\/><\/figure>\n<\/div><\/div>\n<\/div><\/div><div class=\"wp-block-gutenbee-container-background\" data-parallax-speed=\"0.3\"><\/div><\/div>\n<\/div><\/div>\n<\/div><\/div><div class=\"wp-block-gutenbee-container-background\" data-parallax-speed=\"0.3\" style=\"background-color:#ffffff\"><\/div><\/div>\n\n\n\n<div style=\"height:30px\" aria-hidden=\"true\" class=\"wp-block-spacer\"><\/div>\n","protected":false},"excerpt":{"rendered":"<p>We grow businesses through ideas that create and strengthen the relationship of brands with people.Seja o seu website ou a sua loja online, uma aplica\u00e7\u00e3o espec\u00edfica ou um software, tudo come\u00e7a com uma boa defini\u00e7\u00e3o [&hellip;]<\/p>\n","protected":false},"author":1,"featured_media":0,"parent":0,"menu_order":0,"comment_status":"closed","ping_status":"closed","template":"templates\/template-fullwidth-boxed.php","meta":{"footnotes":""},"class_list":["post-696","page","type-page","status-publish","hentry"],"_links":{"self":[{"href":"https:\/\/hume.pt\/en\/wp-json\/wp\/v2\/pages\/696","targetHints":{"allow":["GET"]}}],"collection":[{"href":"https:\/\/hume.pt\/en\/wp-json\/wp\/v2\/pages"}],"about":[{"href":"https:\/\/hume.pt\/en\/wp-json\/wp\/v2\/types\/page"}],"author":[{"embeddable":true,"href":"https:\/\/hume.pt\/en\/wp-json\/wp\/v2\/users\/1"}],"replies":[{"embeddable":true,"href":"https:\/\/hume.pt\/en\/wp-json\/wp\/v2\/comments?post=696"}],"version-history":[{"count":0,"href":"https:\/\/hume.pt\/en\/wp-json\/wp\/v2\/pages\/696\/revisions"}],"wp:attachment":[{"href":"https:\/\/hume.pt\/en\/wp-json\/wp\/v2\/media?parent=696"}],"curies":[{"name":"wp","href":"https:\/\/api.w.org\/{rel}","templated":true}]}}